{"id":125,"date":"2022-02-28T10:08:20","date_gmt":"2022-02-28T09:08:20","guid":{"rendered":"https:\/\/konstfack2022.se\/press\/"},"modified":"2022-05-04T10:12:05","modified_gmt":"2022-05-04T08:12:05","slug":"press","status":"publish","type":"page","link":"https:\/\/konstfack2022.se\/en\/press\/","title":{"rendered":"Press"},"content":{"rendered":"<p><span style=\"text-transform:uppercase;\">Press previews<br \/>\n<\/span><br \/>\nWelcome to press previews on Friday 6 May at 10\u201312 (Bachelor students) and Friday 20 May at 10\u201312 (Master&#8217;s and Teacher&#8217;s students). At Konstfack, Telefonplan.<\/p>\n<p><span style=\"text-transform:uppercase;\"><br \/>\nPress information<\/span><br \/>\n<a href=\"https:\/\/www.mynewsdesk.com\/se\/konstfack\/pressreleases\/degree-exhibition-2022-nourishment-for-peace-and-freedom-3176835\" rel=\"noopener\" target=\"_blank\">Click here and read the press release about the Degree Exhibition 2022<\/a>.<\/p>\n<p><span style=\"text-transform:uppercase;\"><br \/>\nPress images<\/span><br \/>\nKonstfack Degree Exhibition 2022 posters, photos of the Vice Chancellor Maria Lantz, the curators Anne Klontz and CuratorLab, and the designer Benedetta Crippa, are below. Please state the photographer\u2019s name when used.<\/p>\n<p><span style=\"text-transform:uppercase;\"><br \/>\nStudent images<\/span><br \/>\nAt the student pages you can download images for press use.<\/p>\n<p><span style=\"text-transform:uppercase;\"><br \/>\nPublishing and more info<\/span><br \/>\nWhen publishing info about the Degree Exhibition, please send a link in an email. Also let us know if more\/other information is needed: susanne.helgeson@konstfack.se, +46-708-50 15 40.<\/p>\n<p><span style=\"text-transform:uppercase;\"><br \/>\n<\/span><\/p>\n<p><span style=\"\"><a href=\"\/wp-content\/uploads\/poster-2022-print.zip\" rel=\"noopener\" target=\"_blank\"><img decoding=\"async\" src=\"\/wp-content\/uploads\/poster-2022.jpg\" alt=\"Konstfack Degree Exhibition 2022\" \/><\/p>\n<p>Konstfack Degree Exhibition 2022 posters (zip, 8 MB)<\/a><\/span><\/p>\n<p><span style=\"\"><br \/>\n<a href=\"\/wp-content\/uploads\/maria_lantz_print.jpg\" rel=\"noopener\" target=\"_blank\"><img decoding=\"async\" src=\"\/wp-content\/uploads\/maria_lantz.jpg\" alt=\"Vice-Chancellor Maria Lantz\" \/><\/p>\n<p>Vice-Chancellor Maria Lantz (jpg, 1 MB)<\/a><br \/>\nPhoto: Mats B\u00e4cker<\/span><\/p>\n<p><span style=\"\"><br \/>\n<a href=\"\/wp-content\/uploads\/Anne_Klontz_print.jpg\" rel=\"noopener\" target=\"_blank\"><img decoding=\"async\" src=\"\/wp-content\/uploads\/Anne_Klontz.jpg\" alt=\"Curator Anne Klontz\" \/><\/p>\n<p>Curator Anne Klontz (jpg, 4 MB)<\/a><br \/>\nPhoto: Gustav Karlsson Frost<\/span><\/p>\n<p><span style=\"\"><br \/>\n<a href=\"\/wp-content\/uploads\/curatorlab_print.jpg\" rel=\"noopener\" target=\"_blank\"><img decoding=\"async\" src=\"\/wp-content\/uploads\/curatorlab.jpg\" alt=\"CuratorLab\" \/><\/p>\n<p>CuratorLab (jpg, 1 MB)<\/a><br \/>\nPhoto: Bitte Andersson<\/p>\n<p>The CuratorLab 2021\/22 students are: Chen Shuyu, Una Mathiesen Gjerde, Lovro Japund\u017ei\u0107, Lauren Johnson, Matilda K\u00e4stel, Lina Louisa Kr\u00e4mer, Martin Ku, Reyhaneh Mirjahani, Res, Eleni Riga, Marta \u015awietlik and Kriszti\u00e1n G\u00e1bor T\u00f6r\u00f6k, under the guidance of Course Director Joanna Warsza and Curatorial Assistant Vasco Forconi.<\/span><\/p>\n<p><span style=\"\"><br \/>\n<a href=\"\/wp-content\/uploads\/Benedetta_Crippa_print.jpg\" rel=\"noopener\" target=\"_blank\"><img decoding=\"async\" src=\"\/wp-content\/uploads\/Benedetta_Crippa.jpg\" alt=\"Benedetta Crippa\" \/><\/p>\n<p>Benedetta Crippa (jpg, 3 MB)<\/a><br \/>\nPhoto: Sofia Runarsdotter<\/span><\/p>\n","protected":false},"excerpt":{"rendered":"<p><!-- &hellip; --> <!-- a href=\"https:\/\/konstfack2022.se\/en\/press\/\">Continue reading <span class=\"meta-nav\">&rarr;<\/span><\/a --><\/p>\n","protected":false},"author":1,"featured_media":4182,"parent":0,"menu_order":0,"comment_status":"closed","ping_status":"closed","template":"","meta":{"footnotes":""},"class_list":["post-125","page","type-page","status-publish","has-post-thumbnail","hentry"],"_links":{"self":[{"href":"https:\/\/konstfack2022.se\/en\/wp-json\/wp\/v2\/pages\/125","targetHints":{"allow":["GET"]}}],"collection":[{"href":"https:\/\/konstfack2022.se\/en\/wp-json\/wp\/v2\/pages"}],"about":[{"href":"https:\/\/konstfack2022.se\/en\/wp-json\/wp\/v2\/types\/page"}],"author":[{"embeddable":true,"href":"https:\/\/konstfack2022.se\/en\/wp-json\/wp\/v2\/users\/1"}],"replies":[{"embeddable":true,"href":"https:\/\/konstfack2022.se\/en\/wp-json\/wp\/v2\/comments?post=125"}],"version-history":[{"count":17,"href":"https:\/\/konstfack2022.se\/en\/wp-json\/wp\/v2\/pages\/125\/revisions"}],"predecessor-version":[{"id":4181,"href":"https:\/\/konstfack2022.se\/en\/wp-json\/wp\/v2\/pages\/125\/revisions\/4181"}],"wp:featuredmedia":[{"embeddable":true,"href":"https:\/\/konstfack2022.se\/en\/wp-json\/wp\/v2\/media\/4182"}],"wp:attachment":[{"href":"https:\/\/konstfack2022.se\/en\/wp-json\/wp\/v2\/media?parent=125"}],"curies":[{"name":"wp","href":"https:\/\/api.w.org\/{rel}","templated":true}]}}