{"id":123,"date":"2022-02-28T10:15:08","date_gmt":"2022-02-28T09:15:08","guid":{"rendered":"https:\/\/konstfack2022.se\/contact\/"},"modified":"2022-05-06T08:56:38","modified_gmt":"2022-05-06T06:56:38","slug":"contact","status":"publish","type":"page","link":"https:\/\/konstfack2022.se\/en\/contact\/","title":{"rendered":"Contact"},"content":{"rendered":"<div style=\"text-transform: uppercase; margin-bottom: 20px;\">Konstfack University of Arts, Crafts and Design<\/div>\n<p>Visiting address: LM Ericssons v\u00e4g 14, Stockholm<br \/>\nSubway: Telefonplan<br \/>\nPhone: +46 8 450 41 00<br \/>\nFor more information about Konstfack visit <a href=\"https:\/\/www.konstfack.se\" rel=\"noopener\" target=\"_blank\">www.konstfack.se<\/a>.<\/p>\n<p><span>\u00a0<br \/>\n<\/span><\/p>\n<div style=\"text-transform: uppercase; margin-bottom: 20px;\">\nDegree Exhibition Organization<\/div>\n<p>Curators: Anne Klontz (bachelor\u2019s degree exhibition) and the freestanding course CuratorLab (master\u2019s and teacher education degree exhibition)<\/p>\n<p>CuratorLab students: Chen Shuyu (Malm\u00f6), Una Mathiesen Gjerde (Oslo), Lovro Japund\u017ei\u0107 (Zagreb), Lauren Johnson (Stockholm\/Elk Glade, Colorado), Matilda K\u00e4stel (Stockholm), Lina Louisa Kr\u00e4mer (Mainz\/Berlin), Martin Ku (Berlin), Reyhaneh Mirjahani (Gothenburg\/Tehran), Res (Stockholm\/Brooklyn), Eleni Riga (Athens), Marta \u015awietlik (Warsaw), Kriszti\u00e1n G\u00e1bor T\u00f6r\u00f6k (Budapest), under the guidance of Course Director Joanna Warsza (Berlin) and Head of Exhibitions Anne Klontz (Stockholm) and with the help of the Curatorial Assistant Vasco Forconi (Rome\/Stockholm)<\/p>\n<p>Exhibition Producer: Patrik F\u00f6rberg<\/p>\n<p>Exhibition Assistant: Maria Pita Guerreiro<\/p>\n<p>PR &#038; Communication: Susanne Helgeson, Patrik F\u00f6rberg<\/p>\n<p>Webmaster and Website Development: Ivar Johansson<\/p>\n<p>Graphic Design: Benedetta Crippa \/ Studio Benedetta Crippa. Assistant: Elina Birkehag, Wayfinding: Holly Keasey, Animations: Soja<\/p>\n<p>Text Editors: Sheena Malone (eng), Johanna Palm (sv)<\/p>\n<p>Translation: CBG Consult (Carina Str\u00f6mqvist, Chris Kleinman, Sara Hamn\u00e9n)<\/p>\n<p>Logistics Manager: Patrik Lindgren<\/p>\n<p>Property Manager: H\u00e5kan Persson<\/p>\n<p>Environmental Coordinator: Stefan Larsson<\/p>\n<p>Technical Equipment Coordinators: Ricardo Atienza, Lars Ernholm, Johan Wahlgren<\/p>\n<p>Exhibition Technicians: Adam Bergholm, Andrea Creutz, Lauro H\u00f6ring, Aleksandrs Klimts Aben, Magnus Liljedahl, Timmy Sj\u00f6blom, Gunnar S\u00f6der, Simon Whitfield<\/p>\n<p>Thank you to Viktoriya Grabowska and Nicole Fally for the typefaces Capriola and Ovo used in the visual identity.<\/p>\n<p>Special thanks to Niklas Billstr\u00f6m, Vasakronan, WordPress and all the code\/plugin developers out there.<\/p>\n<p>With the kind support of the Italian Cultural Institute in Stockholm.<\/p>\n","protected":false},"excerpt":{"rendered":"<p><!-- &hellip; --> <!-- a href=\"https:\/\/konstfack2022.se\/en\/contact\/\">Continue reading <span class=\"meta-nav\">&rarr;<\/span><\/a --><\/p>\n","protected":false},"author":1,"featured_media":4202,"parent":0,"menu_order":0,"comment_status":"closed","ping_status":"closed","template":"","meta":{"footnotes":""},"class_list":["post-123","page","type-page","status-publish","has-post-thumbnail","hentry"],"_links":{"self":[{"href":"https:\/\/konstfack2022.se\/en\/wp-json\/wp\/v2\/pages\/123","targetHints":{"allow":["GET"]}}],"collection":[{"href":"https:\/\/konstfack2022.se\/en\/wp-json\/wp\/v2\/pages"}],"about":[{"href":"https:\/\/konstfack2022.se\/en\/wp-json\/wp\/v2\/types\/page"}],"author":[{"embeddable":true,"href":"https:\/\/konstfack2022.se\/en\/wp-json\/wp\/v2\/users\/1"}],"replies":[{"embeddable":true,"href":"https:\/\/konstfack2022.se\/en\/wp-json\/wp\/v2\/comments?post=123"}],"version-history":[{"count":12,"href":"https:\/\/konstfack2022.se\/en\/wp-json\/wp\/v2\/pages\/123\/revisions"}],"predecessor-version":[{"id":4251,"href":"https:\/\/konstfack2022.se\/en\/wp-json\/wp\/v2\/pages\/123\/revisions\/4251"}],"wp:featuredmedia":[{"embeddable":true,"href":"https:\/\/konstfack2022.se\/en\/wp-json\/wp\/v2\/media\/4202"}],"wp:attachment":[{"href":"https:\/\/konstfack2022.se\/en\/wp-json\/wp\/v2\/media?parent=123"}],"curies":[{"name":"wp","href":"https:\/\/api.w.org\/{rel}","templated":true}]}}